{"id":19,"date":"2018-02-10T00:39:55","date_gmt":"2018-02-09T23:39:55","guid":{"rendered":"http:\/\/gexoptique.ch\/?page_id=19"},"modified":"2022-02-10T22:03:28","modified_gmt":"2022-02-10T21:03:28","slug":"gex-optique","status":"publish","type":"page","link":"https:\/\/gexoptique.ch\/","title":{"rendered":"GEX OPTIQUE"},"content":{"rendered":"<p style=\"text-align: center;\"><img loading=\"lazy\" decoding=\"async\" class=\"alignnone size-medium wp-image-62\" src=\"https:\/\/gexoptique.ch\/wp-content\/uploads\/2022\/02\/plan-gex-optique-2-300x256.jpeg\" alt=\"\" width=\"300\" height=\"256\" srcset=\"https:\/\/gexoptique.ch\/wp-content\/uploads\/2022\/02\/plan-gex-optique-2-300x256.jpeg 300w, https:\/\/gexoptique.ch\/wp-content\/uploads\/2022\/02\/plan-gex-optique-2.jpeg 690w\" sizes=\"auto, (max-width: 300px) 100vw, 300px\" \/><img loading=\"lazy\" decoding=\"async\" class=\"alignnone size-medium wp-image-190\" src=\"https:\/\/gexoptique.ch\/wp-content\/uploads\/2021\/09\/plan-gex-optique-2-300x256.jpeg\" alt=\"\" width=\"300\" height=\"256\" \/><br \/>\n04 50 41 48 13<br \/>\nopticiens@gexoptique.ch<\/p>\n<p style=\"text-align: center;\">La boutique est ouverte<\/p>\n<p style=\"text-align: center;\">du <strong>mardi<\/strong> au <strong>vendredi<\/strong><\/p>\n<p style=\"text-align: center;\">de <strong>9h30<\/strong> \u00e0 <strong>12h30 <\/strong>et de <strong>14h00<\/strong> \u00e0 <strong>18h30<\/strong><\/p>\n<p style=\"text-align: center;\">le <strong>samedi<\/strong><\/p>\n<p style=\"text-align: center;\">de <strong>9h30<\/strong> \u00e0 <strong>12h30 <\/strong>et de <strong>14h00<\/strong> \u00e0 <strong>18h00<\/strong><\/p>\n<p style=\"text-align: center;\"><span style=\"color: #000000;\"><strong>\u00a0<\/strong><\/span><\/p>\n","protected":false},"excerpt":{"rendered":"<p>04 50 41 48 13 opticiens@gexoptique.ch La boutique est ouverte du mardi au vendredi de 9h30 \u00e0 12h30 et de 14h00 \u00e0 18h30 le samedi de 9h30 \u00e0 12h30 et de 14h00 \u00e0 18h00 \u00a0<\/p>\n","protected":false},"author":1,"featured_media":0,"parent":0,"menu_order":0,"comment_status":"closed","ping_status":"closed","template":"","meta":{"footnotes":""},"class_list":["post-19","page","type-page","status-publish","hentry"],"_links":{"self":[{"href":"https:\/\/gexoptique.ch\/index.php\/wp-json\/wp\/v2\/pages\/19","targetHints":{"allow":["GET"]}}],"collection":[{"href":"https:\/\/gexoptique.ch\/index.php\/wp-json\/wp\/v2\/pages"}],"about":[{"href":"https:\/\/gexoptique.ch\/index.php\/wp-json\/wp\/v2\/types\/page"}],"author":[{"embeddable":true,"href":"https:\/\/gexoptique.ch\/index.php\/wp-json\/wp\/v2\/users\/1"}],"replies":[{"embeddable":true,"href":"https:\/\/gexoptique.ch\/index.php\/wp-json\/wp\/v2\/comments?post=19"}],"version-history":[{"count":1,"href":"https:\/\/gexoptique.ch\/index.php\/wp-json\/wp\/v2\/pages\/19\/revisions"}],"predecessor-version":[{"id":67,"href":"https:\/\/gexoptique.ch\/index.php\/wp-json\/wp\/v2\/pages\/19\/revisions\/67"}],"wp:attachment":[{"href":"https:\/\/gexoptique.ch\/index.php\/wp-json\/wp\/v2\/media?parent=19"}],"curies":[{"name":"wp","href":"https:\/\/api.w.org\/{rel}","templated":true}]}}